{"id":857,"date":"2018-06-20T21:56:06","date_gmt":"2018-06-20T19:56:06","guid":{"rendered":"http:\/\/intime.kylos.pl\/?page_id=857"},"modified":"2023-05-10T09:01:27","modified_gmt":"2023-05-10T07:01:27","slug":"blog","status":"publish","type":"page","link":"https:\/\/brandberry.info\/intime\/blog\/","title":{"rendered":"Blog"},"content":{"rendered":"\t\t<div data-elementor-type=\"wp-page\" data-elementor-id=\"857\" class=\"elementor elementor-857\" data-elementor-post-type=\"page\">\n\t\t\t\t<div class=\"elementor-element elementor-element-13ceb37 e-flex e-con-boxed e-con e-parent\" data-id=\"13ceb37\" data-element_type=\"container\" data-e-type=\"container\" data-settings=\"{&quot;background_background&quot;:&quot;classic&quot;}\">\n\t\t\t\t\t<div class=\"e-con-inner\">\n\t\t<div class=\"elementor-element elementor-element-33a76b3 e-con-full e-flex e-con e-child\" data-id=\"33a76b3\" data-element_type=\"container\" data-e-type=\"container\">\n\t\t\t\t<div class=\"elementor-element elementor-element-b774661 elementor-widget elementor-widget-heading\" data-id=\"b774661\" data-element_type=\"widget\" data-e-type=\"widget\" data-widget_type=\"heading.default\">\n\t\t\t\t<div class=\"elementor-widget-container\">\n\t\t\t\t\t<h2 class=\"elementor-heading-title elementor-size-default\">Artyku\u0142y i&nbsp;porady<\/h2>\t\t\t\t<\/div>\n\t\t\t\t<\/div>\n\t\t\t\t<div class=\"elementor-element elementor-element-985dbb4 elementor-grid-eael-col-3 elementor-grid-tablet-eael-col-3 elementor-grid-mobile-eael-col-1 elementor-widget elementor-widget-eael-post-grid\" data-id=\"985dbb4\" data-element_type=\"widget\" data-e-type=\"widget\" data-settings=\"{&quot;eael_post_grid_columns&quot;:&quot;eael-col-3&quot;,&quot;eael_post_grid_columns_tablet&quot;:&quot;eael-col-3&quot;,&quot;eael_post_grid_columns_mobile&quot;:&quot;eael-col-1&quot;}\" data-widget_type=\"eael-post-grid.default\">\n\t\t\t\t<div class=\"elementor-widget-container\">\n\t\t\t\t\t<div id=\"eael-post-grid-985dbb4\" class=\"eael-post-grid-container\">\n            <div class=\"eael-post-grid eael-post-appender eael-post-appender-985dbb4 eael-post-grid-style-one\" data-layout-mode=\"grid\"><article class=\"eael-grid-post  eael-post-grid-column eael-pg-post-6289 category-blog\" data-id=\"6289\">\n        <div class=\"eael-grid-post-holder\">\n            <div class=\"eael-grid-post-holder-inner\"><div class=\"eael-entry-media\"><div class=\"eael-entry-overlay fade-in\"><i class aria-hidden=\"true\"><\/i><a href=\"https:\/\/brandberry.info\/intime\/blog\/skuteczne-cwiczenia-dla-osob-po-50-roku-zycia\/\"><\/a><\/div><div class=\"eael-entry-thumbnail \">\n                <img fetchpriority=\"high\" decoding=\"async\" width=\"1000\" height=\"1000\" src=\"https:\/\/brandberry.info\/intime\/wp-content\/uploads\/sites\/6\/cwiczenia.jpg\" class=\"attachment-full size-full wp-image-6290\" alt srcset=\"https:\/\/brandberry.info\/intime\/wp-content\/uploads\/sites\/6\/cwiczenia.jpg 1000w, https:\/\/brandberry.info\/intime\/wp-content\/uploads\/sites\/6\/cwiczenia-300x300.jpg 300w, https:\/\/brandberry.info\/intime\/wp-content\/uploads\/sites\/6\/cwiczenia-768x768.jpg 768w\" sizes=\"(max-width: 1000px) 100vw, 1000px\">\n            <\/div>\n        <\/div><div class=\"eael-entry-wrapper\"><header class=\"eael-entry-header\"><h3 class=\"eael-entry-title\"><a class=\"eael-grid-post-link\" href=\"https:\/\/brandberry.info\/intime\/blog\/skuteczne-cwiczenia-dla-osob-po-50-roku-zycia\/\" title=\"Skuteczne \u0107wiczenia dla os\u00f3b po 50 roku \u017cycia\">Skuteczne \u0107wiczenia dla os\u00f3b po 50 roku \u017cycia<\/a><\/h3><\/header><div class=\"eael-entry-header-after\"><div class=\"eael-entry-meta\"><span class=\"eael-posted-on\"><time datetime=\"29 grudnia 2021\">29 grudnia 2021<\/time><\/span><\/div><\/div><\/div><\/div>\n        <\/div>\n    <\/article><article class=\"eael-grid-post  eael-post-grid-column eael-pg-post-6283 category-blog\" data-id=\"6283\">\n        <div class=\"eael-grid-post-holder\">\n            <div class=\"eael-grid-post-holder-inner\"><div class=\"eael-entry-media\"><div class=\"eael-entry-overlay fade-in\"><i class aria-hidden=\"true\"><\/i><a href=\"https:\/\/brandberry.info\/intime\/blog\/dieta-jako-uzupelnienie-treningu-ems\/\"><\/a><\/div><div class=\"eael-entry-thumbnail \">\n                <img decoding=\"async\" width=\"480\" height=\"480\" src=\"https:\/\/brandberry.info\/intime\/wp-content\/uploads\/sites\/6\/dieta-12.jpg\" class=\"attachment-full size-full wp-image-6285\" alt srcset=\"https:\/\/brandberry.info\/intime\/wp-content\/uploads\/sites\/6\/dieta-12.jpg 480w, https:\/\/brandberry.info\/intime\/wp-content\/uploads\/sites\/6\/dieta-12-300x300.jpg 300w\" sizes=\"(max-width: 480px) 100vw, 480px\">\n            <\/div>\n        <\/div><div class=\"eael-entry-wrapper\"><header class=\"eael-entry-header\"><h3 class=\"eael-entry-title\"><a class=\"eael-grid-post-link\" href=\"https:\/\/brandberry.info\/intime\/blog\/dieta-jako-uzupelnienie-treningu-ems\/\" title=\"Dieta jako uzupe\u0142nienie treningu EMS\">Dieta jako uzupe\u0142nienie treningu EMS<\/a><\/h3><\/header><div class=\"eael-entry-header-after\"><div class=\"eael-entry-meta\"><span class=\"eael-posted-on\"><time datetime=\"16 grudnia 2021\">16 grudnia 2021<\/time><\/span><\/div><\/div><\/div><\/div>\n        <\/div>\n    <\/article><article class=\"eael-grid-post  eael-post-grid-column eael-pg-post-6269 category-blog\" data-id=\"6269\">\n        <div class=\"eael-grid-post-holder\">\n            <div class=\"eael-grid-post-holder-inner\"><div class=\"eael-entry-media\"><div class=\"eael-entry-overlay fade-in\"><i class aria-hidden=\"true\"><\/i><a href=\"https:\/\/brandberry.info\/intime\/blog\/styl-zycia-a-mlodszy-wyglad-skory\/\"><\/a><\/div><div class=\"eael-entry-thumbnail \">\n                <img decoding=\"async\" width=\"1000\" height=\"1000\" src=\"https:\/\/brandberry.info\/intime\/wp-content\/uploads\/sites\/6\/piekny-wyglad-skory.jpg\" class=\"attachment-full size-full wp-image-6271\" alt srcset=\"https:\/\/brandberry.info\/intime\/wp-content\/uploads\/sites\/6\/piekny-wyglad-skory.jpg 1000w, https:\/\/brandberry.info\/intime\/wp-content\/uploads\/sites\/6\/piekny-wyglad-skory-300x300.jpg 300w, https:\/\/brandberry.info\/intime\/wp-content\/uploads\/sites\/6\/piekny-wyglad-skory-768x768.jpg 768w\" sizes=\"(max-width: 1000px) 100vw, 1000px\">\n            <\/div>\n        <\/div><div class=\"eael-entry-wrapper\"><header class=\"eael-entry-header\"><h3 class=\"eael-entry-title\"><a class=\"eael-grid-post-link\" href=\"https:\/\/brandberry.info\/intime\/blog\/styl-zycia-a-mlodszy-wyglad-skory\/\" title=\"Styl \u017cycia a&nbsp;m\u0142odszy wygl\u0105d sk\u00f3ry\">Styl \u017cycia a&nbsp;m\u0142odszy wygl\u0105d sk\u00f3ry<\/a><\/h3><\/header><div class=\"eael-entry-header-after\"><div class=\"eael-entry-meta\"><span class=\"eael-posted-on\"><time datetime=\"1 grudnia 2021\">1 grudnia 2021<\/time><\/span><\/div><\/div><\/div><\/div>\n        <\/div>\n    <\/article><article class=\"eael-grid-post  eael-post-grid-column eael-pg-post-3430 category-blog\" data-id=\"3430\">\n        <div class=\"eael-grid-post-holder\">\n            <div class=\"eael-grid-post-holder-inner\"><div class=\"eael-entry-media\"><div class=\"eael-entry-overlay fade-in\"><i class aria-hidden=\"true\"><\/i><a href=\"https:\/\/brandberry.info\/intime\/blog\/wplyw-treningu-ems-na-stawy\/\"><\/a><\/div><div class=\"eael-entry-thumbnail \">\n                <img loading=\"lazy\" decoding=\"async\" width=\"480\" height=\"480\" src=\"https:\/\/brandberry.info\/intime\/wp-content\/uploads\/sites\/6\/wplyw-treningu-na-stawy.png\" class=\"attachment-full size-full wp-image-3431\" alt srcset=\"https:\/\/brandberry.info\/intime\/wp-content\/uploads\/sites\/6\/wplyw-treningu-na-stawy.png 480w, https:\/\/brandberry.info\/intime\/wp-content\/uploads\/sites\/6\/wplyw-treningu-na-stawy-300x300.png 300w\" sizes=\"(max-width: 480px) 100vw, 480px\">\n            <\/div>\n        <\/div><div class=\"eael-entry-wrapper\"><header class=\"eael-entry-header\"><h3 class=\"eael-entry-title\"><a class=\"eael-grid-post-link\" href=\"https:\/\/brandberry.info\/intime\/blog\/wplyw-treningu-ems-na-stawy\/\" title=\"Wp\u0142yw treningu na stawy\">Wp\u0142yw treningu na stawy<\/a><\/h3><\/header><div class=\"eael-entry-header-after\"><div class=\"eael-entry-meta\"><span class=\"eael-posted-on\"><time datetime=\"24 listopada 2021\">24 listopada 2021<\/time><\/span><\/div><\/div><\/div><\/div>\n        <\/div>\n    <\/article><\/div>\n            <div class=\"clearfix\"><\/div>\n        <\/div>\t\t\t\t<\/div>\n\t\t\t\t<\/div>\n\t\t\t\t<\/div>\n\t\t\t\t\t<\/div>\n\t\t\t\t<\/div>\n\t\t\t\t<\/div>\n\t\t","protected":false},"excerpt":{"rendered":"<p>Artyku\u0142y i&nbsp;porady Skuteczne \u0107wiczenia dla os\u00f3b po 50 roku \u017cycia 29 grudnia 2021 Dieta jako uzupe\u0142nienie treningu EMS 16 grudnia 2021 Styl \u017cycia a&nbsp;m\u0142odszy wygl\u0105d sk\u00f3ry 1&nbsp;grudnia 2021 Wp\u0142yw treningu na stawy 24 listopada 2021<\/p>\n","protected":false},"author":2,"featured_media":0,"parent":0,"menu_order":0,"comment_status":"closed","ping_status":"closed","template":"","meta":{"wp_typography_post_enhancements_disabled":false,"footnotes":""},"class_list":["post-857","page","type-page","status-publish","hentry"],"yoast_head":"<!-- This site is optimized with the Yoast SEO plugin v27.3 - https:\/\/yoast.com\/product\/yoast-seo-wordpress\/ -->\n<title>Blog - demo In.Time<\/title>\n<meta name=\"description\" content=\"Poznaj odpowiedzi na najcze\u015bciej zadawane pytania oraz sprawd\u017a jakie efekty mo\u017cesz osi\u0105gn\u0105\u0107 po wizycie w Studio InTime w Krakowie.\" \/>\n<meta name=\"robots\" content=\"noindex, follow, max-snippet:-1, max-image-preview:large, max-video-preview:-1\" \/>\n<meta property=\"og:locale\" content=\"pl_PL\" \/>\n<meta property=\"og:type\" content=\"article\" \/>\n<meta property=\"og:title\" content=\"Blog - demo In.Time\" \/>\n<meta property=\"og:description\" content=\"Poznaj odpowiedzi na najcze\u015bciej zadawane pytania oraz sprawd\u017a jakie efekty mo\u017cesz osi\u0105gn\u0105\u0107 po wizycie w Studio InTime w Krakowie.\" \/>\n<meta property=\"og:url\" content=\"https:\/\/brandberry.info\/intime\/blog\/\" \/>\n<meta property=\"og:site_name\" content=\"demo In.Time\" \/>\n<meta property=\"article:modified_time\" content=\"2023-05-10T07:01:27+00:00\" \/>\n<meta name=\"twitter:card\" content=\"summary_large_image\" \/>\n<meta name=\"twitter:label1\" content=\"Szacowany czas czytania\" \/>\n\t<meta name=\"twitter:data1\" content=\"4 minuty\" \/>\n<script type=\"application\/ld+json\" class=\"yoast-schema-graph\">{\"@context\":\"https:\\\/\\\/schema.org\",\"@graph\":[{\"@type\":\"WebPage\",\"@id\":\"https:\\\/\\\/brandberry.info\\\/intime\\\/blog\\\/\",\"url\":\"https:\\\/\\\/brandberry.info\\\/intime\\\/blog\\\/\",\"name\":\"Blog - demo In.Time\",\"isPartOf\":{\"@id\":\"https:\\\/\\\/brandberry.info\\\/intime\\\/#website\"},\"primaryImageOfPage\":{\"@id\":\"https:\\\/\\\/brandberry.info\\\/intime\\\/blog\\\/#primaryimage\"},\"image\":{\"@id\":\"https:\\\/\\\/brandberry.info\\\/intime\\\/blog\\\/#primaryimage\"},\"thumbnailUrl\":\"https:\\\/\\\/brandberry.info\\\/intime\\\/wp-content\\\/uploads\\\/sites\\\/6\\\/cwiczenia.jpg\",\"datePublished\":\"2018-06-20T19:56:06+00:00\",\"dateModified\":\"2023-05-10T07:01:27+00:00\",\"description\":\"Poznaj odpowiedzi na najcze\u015bciej zadawane pytania oraz sprawd\u017a jakie efekty mo\u017cesz osi\u0105gn\u0105\u0107 po wizycie w Studio InTime w Krakowie.\",\"breadcrumb\":{\"@id\":\"https:\\\/\\\/brandberry.info\\\/intime\\\/blog\\\/#breadcrumb\"},\"inLanguage\":\"pl-PL\",\"potentialAction\":[{\"@type\":\"ReadAction\",\"target\":[\"https:\\\/\\\/brandberry.info\\\/intime\\\/blog\\\/\"]}]},{\"@type\":\"ImageObject\",\"inLanguage\":\"pl-PL\",\"@id\":\"https:\\\/\\\/brandberry.info\\\/intime\\\/blog\\\/#primaryimage\",\"url\":\"https:\\\/\\\/brandberry.info\\\/intime\\\/wp-content\\\/uploads\\\/sites\\\/6\\\/cwiczenia.jpg\",\"contentUrl\":\"https:\\\/\\\/brandberry.info\\\/intime\\\/wp-content\\\/uploads\\\/sites\\\/6\\\/cwiczenia.jpg\",\"width\":1000,\"height\":1000},{\"@type\":\"BreadcrumbList\",\"@id\":\"https:\\\/\\\/brandberry.info\\\/intime\\\/blog\\\/#breadcrumb\",\"itemListElement\":[{\"@type\":\"ListItem\",\"position\":1,\"name\":\"Strona g\u0142\u00f3wna\",\"item\":\"https:\\\/\\\/brandberry.info\\\/intime\\\/\"},{\"@type\":\"ListItem\",\"position\":2,\"name\":\"Blog\"}]},{\"@type\":\"WebSite\",\"@id\":\"https:\\\/\\\/brandberry.info\\\/intime\\\/#website\",\"url\":\"https:\\\/\\\/brandberry.info\\\/intime\\\/\",\"name\":\"demo In.Time\",\"description\":\"innowacyjny i skuteczny trening EMS\",\"publisher\":{\"@id\":\"https:\\\/\\\/brandberry.info\\\/intime\\\/#organization\"},\"potentialAction\":[{\"@type\":\"SearchAction\",\"target\":{\"@type\":\"EntryPoint\",\"urlTemplate\":\"https:\\\/\\\/brandberry.info\\\/intime\\\/?s={search_term_string}\"},\"query-input\":{\"@type\":\"PropertyValueSpecification\",\"valueRequired\":true,\"valueName\":\"search_term_string\"}}],\"inLanguage\":\"pl-PL\"},{\"@type\":\"Organization\",\"@id\":\"https:\\\/\\\/brandberry.info\\\/intime\\\/#organization\",\"name\":\"demo In.Time\",\"url\":\"https:\\\/\\\/brandberry.info\\\/intime\\\/\",\"logo\":{\"@type\":\"ImageObject\",\"inLanguage\":\"pl-PL\",\"@id\":\"https:\\\/\\\/brandberry.info\\\/intime\\\/#\\\/schema\\\/logo\\\/image\\\/\",\"url\":\"https:\\\/\\\/brandberry.info\\\/intime\\\/wp-content\\\/uploads\\\/sites\\\/6\\\/cropped-intime_logo.png\",\"contentUrl\":\"https:\\\/\\\/brandberry.info\\\/intime\\\/wp-content\\\/uploads\\\/sites\\\/6\\\/cropped-intime_logo.png\",\"width\":600,\"height\":82,\"caption\":\"demo In.Time\"},\"image\":{\"@id\":\"https:\\\/\\\/brandberry.info\\\/intime\\\/#\\\/schema\\\/logo\\\/image\\\/\"}}]}<\/script>\n<!-- \/ Yoast SEO plugin. -->","yoast_head_json":{"title":"Blog - demo In.Time","description":"Poznaj odpowiedzi na najcze\u015bciej zadawane pytania oraz sprawd\u017a jakie efekty mo\u017cesz osi\u0105gn\u0105\u0107 po wizycie w Studio InTime w Krakowie.","robots":{"index":"noindex","follow":"follow","max-snippet":"max-snippet:-1","max-image-preview":"max-image-preview:large","max-video-preview":"max-video-preview:-1"},"og_locale":"pl_PL","og_type":"article","og_title":"Blog - demo In.Time","og_description":"Poznaj odpowiedzi na najcze\u015bciej zadawane pytania oraz sprawd\u017a jakie efekty mo\u017cesz osi\u0105gn\u0105\u0107 po wizycie w Studio InTime w Krakowie.","og_url":"https:\/\/brandberry.info\/intime\/blog\/","og_site_name":"demo In.Time","article_modified_time":"2023-05-10T07:01:27+00:00","twitter_card":"summary_large_image","twitter_misc":{"Szacowany czas czytania":"4 minuty"},"schema":{"@context":"https:\/\/schema.org","@graph":[{"@type":"WebPage","@id":"https:\/\/brandberry.info\/intime\/blog\/","url":"https:\/\/brandberry.info\/intime\/blog\/","name":"Blog - demo In.Time","isPartOf":{"@id":"https:\/\/brandberry.info\/intime\/#website"},"primaryImageOfPage":{"@id":"https:\/\/brandberry.info\/intime\/blog\/#primaryimage"},"image":{"@id":"https:\/\/brandberry.info\/intime\/blog\/#primaryimage"},"thumbnailUrl":"https:\/\/brandberry.info\/intime\/wp-content\/uploads\/sites\/6\/cwiczenia.jpg","datePublished":"2018-06-20T19:56:06+00:00","dateModified":"2023-05-10T07:01:27+00:00","description":"Poznaj odpowiedzi na najcze\u015bciej zadawane pytania oraz sprawd\u017a jakie efekty mo\u017cesz osi\u0105gn\u0105\u0107 po wizycie w Studio InTime w Krakowie.","breadcrumb":{"@id":"https:\/\/brandberry.info\/intime\/blog\/#breadcrumb"},"inLanguage":"pl-PL","potentialAction":[{"@type":"ReadAction","target":["https:\/\/brandberry.info\/intime\/blog\/"]}]},{"@type":"ImageObject","inLanguage":"pl-PL","@id":"https:\/\/brandberry.info\/intime\/blog\/#primaryimage","url":"https:\/\/brandberry.info\/intime\/wp-content\/uploads\/sites\/6\/cwiczenia.jpg","contentUrl":"https:\/\/brandberry.info\/intime\/wp-content\/uploads\/sites\/6\/cwiczenia.jpg","width":1000,"height":1000},{"@type":"BreadcrumbList","@id":"https:\/\/brandberry.info\/intime\/blog\/#breadcrumb","itemListElement":[{"@type":"ListItem","position":1,"name":"Strona g\u0142\u00f3wna","item":"https:\/\/brandberry.info\/intime\/"},{"@type":"ListItem","position":2,"name":"Blog"}]},{"@type":"WebSite","@id":"https:\/\/brandberry.info\/intime\/#website","url":"https:\/\/brandberry.info\/intime\/","name":"demo In.Time","description":"innowacyjny i skuteczny trening EMS","publisher":{"@id":"https:\/\/brandberry.info\/intime\/#organization"},"potentialAction":[{"@type":"SearchAction","target":{"@type":"EntryPoint","urlTemplate":"https:\/\/brandberry.info\/intime\/?s={search_term_string}"},"query-input":{"@type":"PropertyValueSpecification","valueRequired":true,"valueName":"search_term_string"}}],"inLanguage":"pl-PL"},{"@type":"Organization","@id":"https:\/\/brandberry.info\/intime\/#organization","name":"demo In.Time","url":"https:\/\/brandberry.info\/intime\/","logo":{"@type":"ImageObject","inLanguage":"pl-PL","@id":"https:\/\/brandberry.info\/intime\/#\/schema\/logo\/image\/","url":"https:\/\/brandberry.info\/intime\/wp-content\/uploads\/sites\/6\/cropped-intime_logo.png","contentUrl":"https:\/\/brandberry.info\/intime\/wp-content\/uploads\/sites\/6\/cropped-intime_logo.png","width":600,"height":82,"caption":"demo In.Time"},"image":{"@id":"https:\/\/brandberry.info\/intime\/#\/schema\/logo\/image\/"}}]}},"_links":{"self":[{"href":"https:\/\/brandberry.info\/intime\/wp-json\/wp\/v2\/pages\/857","targetHints":{"allow":["GET"]}}],"collection":[{"href":"https:\/\/brandberry.info\/intime\/wp-json\/wp\/v2\/pages"}],"about":[{"href":"https:\/\/brandberry.info\/intime\/wp-json\/wp\/v2\/types\/page"}],"author":[{"embeddable":true,"href":"https:\/\/brandberry.info\/intime\/wp-json\/wp\/v2\/users\/2"}],"replies":[{"embeddable":true,"href":"https:\/\/brandberry.info\/intime\/wp-json\/wp\/v2\/comments?post=857"}],"version-history":[{"count":0,"href":"https:\/\/brandberry.info\/intime\/wp-json\/wp\/v2\/pages\/857\/revisions"}],"wp:attachment":[{"href":"https:\/\/brandberry.info\/intime\/wp-json\/wp\/v2\/media?parent=857"}],"curies":[{"name":"wp","href":"https:\/\/api.w.org\/{rel}","templated":true}]}}