{"id":3,"date":"2018-05-25T09:27:47","date_gmt":"2018-05-25T07:27:47","guid":{"rendered":"http:\/\/intime.kylos.pl\/?page_id=3"},"modified":"2021-12-16T08:42:29","modified_gmt":"2021-12-16T07:42:29","slug":"polityka-prywatnosci","status":"publish","type":"page","link":"https:\/\/brandberry.info\/intime\/polityka-prywatnosci\/","title":{"rendered":"Polityka prywatno\u015bci"},"content":{"rendered":"\t\t<div data-elementor-type=\"wp-page\" data-elementor-id=\"3\" class=\"elementor elementor-3\" data-elementor-post-type=\"page\">\n\t\t\t\t\t\t<section class=\"elementor-section elementor-top-section elementor-element elementor-element-6267c7f elementor-section-boxed elementor-section-height-default elementor-section-height-default\" data-id=\"6267c7f\" data-element_type=\"section\" data-e-type=\"section\">\n\t\t\t\t\t\t<div class=\"elementor-container elementor-column-gap-default\">\n\t\t\t\t\t<div class=\"elementor-column elementor-col-100 elementor-top-column elementor-element elementor-element-270fd9b\" data-id=\"270fd9b\" data-element_type=\"column\" data-e-type=\"column\">\n\t\t\t<div class=\"elementor-widget-wrap elementor-element-populated\">\n\t\t\t\t\t\t<div class=\"elementor-element elementor-element-94c3df9 elementor-widget elementor-widget-heading\" data-id=\"94c3df9\" data-element_type=\"widget\" data-e-type=\"widget\" data-widget_type=\"heading.default\">\n\t\t\t\t<div class=\"elementor-widget-container\">\n\t\t\t\t\t<h2 class=\"elementor-heading-title elementor-size-default\">Polityka prywatno\u015bci<\/h2>\t\t\t\t<\/div>\n\t\t\t\t<\/div>\n\t\t\t\t<div class=\"elementor-element elementor-element-7b27927 elementor-widget elementor-widget-text-editor\" data-id=\"7b27927\" data-element_type=\"widget\" data-e-type=\"widget\" data-widget_type=\"text-editor.default\">\n\t\t\t\t<div class=\"elementor-widget-container\">\n\t\t\t\t\t\t\t\t\t<p><strong>Informacje dotycz\u0105ce ochrony danych osobowych<\/strong><\/p><p>W Studio InTime, bierzemy pod uwag\u0119 zaufanie, jakim obdarzaj\u0105 nas osoby, kt\u00f3rych dane zbieramy. Zdajemy sobie spraw\u0119 z&nbsp;tego, \u017ce mamy obowi\u0105zek je chroni\u0107, chroni\u0105c prywatno\u015b\u0107 os\u00f3b, kt\u00f3re dane te nam przekazuj\u0105. Dlatego te\u017c dok\u0142adamy wszelkich stara\u0144 by dba\u0107 o&nbsp;bezpiecze\u0144stwo danych osobowych U\u017cytkownik\u00f3w naszej strony internetowej.<br>Niniejszy dokument, Polityka prywatno\u015bci w&nbsp;Studio intime, okre\u015bla sposoby i&nbsp;cele gromadzenia danych osobowych os\u00f3b przekazuj\u0105cych nam swoje dane oraz ich zasady przetwarzania.<\/p><p><strong>Postanowienia og\u00f3lne<\/strong><\/p><p>Niniejsza Polityka Prywatno\u015bci obowi\u0105zuje od dnia 25 maja 2018&nbsp;roku.<br>Niniejsza polityka jest dokumentem informacyjnym i&nbsp;nie zast\u0119puje Regulaminu Ochrony Danych Osobowych obowi\u0105zuj\u0105cego w&nbsp;Studio intime.<br>W&nbsp;przypadku os\u00f3b, kt\u00f3re odwiedzaj\u0105 nasz\u0105 stron\u0119, stosowane s\u0105 postanowienia Polityki Prywatno\u015bci w&nbsp;obecnie obowi\u0105zuj\u0105cej wersji. Korzystanie ze strony internetowej oznacza akceptacj\u0119 zapis\u00f3w Polityki Prywatno\u015bci.<br>Dla \u0142atwiejszego odbioru zapis\u00f3w Polityki Prywatno\u015bci pozwolili\u015bmy sobie zast\u0105pi\u0107 termin \u201eU\u017cytkownik\u201d wymiennie okre\u015bleniem \u201eTy\u201d, a \u201eUs\u0142ugodawca\u201d zast\u0105pili\u015bmy wymiennie okre\u015bleniami \u201eMy\u201d lub \u201eStudio intime\u201d<br>Okre\u015blenia \u201estrona\u201d lub \u201ewitryna\u201d oznaczaj\u0105 stron\u0119 internetow\u0105 w&nbsp;domenie www.intime.pl nale\u017c\u0105c\u0105 do Studio intime.<\/p><p>Termin \u201eRODO\u201d oznacza Rozporz\u0105dzenie Parlamentu Europejskiego i&nbsp;Rady (UE) 2016\u2044679 z&nbsp;dnia 27 kwietnia 2016 r. w&nbsp;sprawie ochrony os\u00f3b fizycznych w&nbsp;zwi\u0105zku z&nbsp;przetwarzaniem danych osobowych i&nbsp;w&nbsp;sprawie swobodnego przep\u0142ywu takich danych oraz uchylenia dyrektywy 95\/46\/WE.<br>Dane osobowe podawane w&nbsp;formularzu s\u0105 traktowane jako poufne i&nbsp;s\u0105 widoczne jednie dla uprawionych os\u00f3b po stronie Studio intime.<br>Dla zapewnienia bezpiecze\u0144stwa danych i&nbsp;prywatno\u015bci os\u00f3b korzystaj\u0105cych z&nbsp;witryny u\u017cywamy bezpiecznego protoko\u0142u szyfrowania komunikacji (SSL), kt\u00f3ry zapewnia bezpiecze\u0144stwo danych na ka\u017cdym etapie komunikacji.<\/p><p><strong>Kto jest administratorem Twoich danych osobowych<\/strong><\/p><p>Kontaktuj\u0105c si\u0119 z&nbsp;nami za po\u015brednictwem poczty elektronicznej lub formularza kontaktowego dobrowolnie podajesz nam swoje dane takie jak: imi\u0119, nazwisko, adres e-mail, numer telefonu i&nbsp;cel kontaktu.<br>Wype\u0142niaj\u0105c ankiety na temat stanu swojego zdrowia i&nbsp;udzielaj\u0105c tych informacji naszemu upowa\u017cnionemu personelowi dobrowolnie podajesz nam swoje dane wra\u017cliwe.<br>Przesy\u0142aj\u0105c nam dane osobowe za po\u015brednictwem formularza \u201ekariera\u201d na potrzeby rekrutacji podajesz nam swoje dane osobowe takie jak: imi\u0119, nazwisko, adres e-mail, numer telefonu oraz dane zawarte w&nbsp;do\u0142\u0105czonych do formularza dokumentach, kt\u00f3re chcesz nam przekaza\u0107.<br>Administratorem, czyli podmiotem, kt\u00f3ry na podstawie obowi\u0105zuj\u0105cych przepis\u00f3w o&nbsp;ochronie danych osobowych decyduje o&nbsp;tym, w&nbsp;jakim celu i&nbsp;jakimi \u015brodkami przetwarza przekazane przez Ciebie dane osobowe, Studio intime, ul. Janusza Meissnera 32, NIP 9452218995.<\/p><p><strong>Bezpiecze\u0144stwo przetwarzania danych<\/strong><\/p><p>Przywi\u0105zujemy szczeg\u00f3ln\u0105 uwag\u0119 do poszanowania prywatno\u015bci U\u017cytkownik\u00f3w odwiedzaj\u0105cych nasz\u0105 witryn\u0119, a&nbsp;w&nbsp;szczeg\u00f3lno\u015bci zapewniamy, \u017ce zbierane przez nas dane osobowe s\u0105 przetwarzane zgodnie z&nbsp;prawem, w&nbsp;szczeg\u00f3lno\u015bci stosujemy zasady okre\u015blone w&nbsp;Rozporz\u0105dzeniu Parlamentu Europejskiego i&nbsp;Rady (UE) 2016\u2044679 z&nbsp;dnia 27 kwietnia 2016&nbsp;r.<br>Dane osobowe zbierane s\u0105 przez nas dla oznaczonych, zgodnych z&nbsp;prawem cel\u00f3w i&nbsp;nie s\u0105 poddawane dalszemu przetwarzaniu niezgodnemu z&nbsp;tymi celami. Dok\u0142adamy szczeg\u00f3lnej staranno\u015bci by dane te by\u0142y merytorycznie poprawne i&nbsp;adekwatne w&nbsp;stosunku do cel\u00f3w, w&nbsp;jakich s\u0105 przetwarzane, aktualne oraz bezpiecznie przechowywane w&nbsp;postaci umo\u017cliwiaj\u0105cej identyfikacj\u0119 os\u00f3b, kt\u00f3rych dotycz\u0105, nie d\u0142u\u017cej ni\u017c jest to niezb\u0119dne do osi\u0105gni\u0119cia celu przetwarzania.<br>O\u015bwiadczamy, \u017ce zosta\u0142y wdro\u017cone \u015brodki techniczne i&nbsp;organizacyjne zapewniaj\u0105ce ochron\u0119 przetwarzania danych osobowych adekwatn\u0105 do zagro\u017ce\u0144 oraz kategorii danych obj\u0119tych ochron\u0105 zgodnie z&nbsp;wymogami Rozporz\u0105dzenia Parlamentu Europejskiego i&nbsp;Rady (UE) 2016\u2044679 z&nbsp;dnia 27 kwietnia 2016 r. w&nbsp;sprawie ochrony os\u00f3b fizycznych w&nbsp;zwi\u0105zku z&nbsp;przetwarzaniem danych osobowych i&nbsp;w&nbsp;sprawie swobodnego przep\u0142ywu takich danych oraz uchylenia dyrektywy 95\/46\/WE (dalej \u201eRODO) i&nbsp;chroni\u0142o prawa os\u00f3b, kt\u00f3rych dane dotycz\u0105.<\/p><p><strong>Gromadzenie i&nbsp;przetwarzanie danych<\/strong><\/p><p>Powierzasz nam swoje dane osobowe dobrowolnie, w&nbsp;celu prawid\u0142owego kontaktu z&nbsp;Tob\u0105 (je\u015bli podajesz nam dane za po\u015brednictwem formularza kontaktowego), w&nbsp;celu udzielenia Tobie \u015bwiadcze\u0144 medycznych lub uczestnictwa w&nbsp;procesie rekrutacji (kontakt za po\u015brednictwem formularza \u201ekariera\u201d).<br>Dane osobowe kt\u00f3re nam przekazujesz, przetwarzamy zgodnie z&nbsp;obowi\u0105zuj\u0105cymi przepisami w&nbsp;zakresie ochrony danych osobowych oraz wdro\u017con\u0105 Studio intime, Polityk\u0105 Prywatno\u015bci, w&nbsp;celu i&nbsp;zakresie niezb\u0119dnym do wype\u0142nienia uzasadnionych interes\u00f3w (prawnie usprawiedliwionych cel\u00f3w), a&nbsp;przetwarzanie nie narusza praw i&nbsp;wolno\u015bci osoby, kt\u00f3rych dane dotycz\u0105 lecz zgodnym ze zgod\u0105 wyra\u017con\u0105 przez Ciebie.<br>Dane, kt\u00f3re nam przekazujesz traktujemy jako dane poufne. Dost\u0119p do Twoich danych maj\u0105 tylko osoby upowa\u017cnione imiennie do przetwarzania danych przez Administratora.<br>Dane powierzone:<br>za po\u015brednictwem formularza kontaktowego przetwarzane s\u0105 w&nbsp;czasie kontaktu \u2028z&nbsp;Tob\u0105.<br>Dane powierzone w&nbsp;celu przeprowadzenia procesu rekrutacji przetwarzamy \u2028i&nbsp;przechowujemy przez&nbsp;okres:<br>- 6&nbsp;miesi\u0119cy - je\u015bli wyrazi\u0142e\u015b zgod\u0119 na przetwarzanie Twoich danych osobowych na potrzeby prowadzonej przez nas konkretnej rekrutacji na dane stanowisko;<br>- 2&nbsp;lata - je\u015bli wyrazi\u0142e\u015b zgod\u0119 na przetwarzanie Twoich danych osobowych r\u00f3wnie\u017c na potrzeby przysz\u0142ych rekrutacji.<br>Ka\u017cda osoba, kt\u00f3rej dane osobowe dotycz\u0105, o&nbsp;ile jeste\u015bmy Administratorem tych danych, ma prawo dost\u0119pu do tre\u015bci swoich danych, ich sprostowania, usuni\u0119cia lub ograniczenia przetwarzania, prawo do przenoszenia danych, prawo do cofni\u0119cia zgody w&nbsp;dowolnym momencie bez wp\u0142ywu na zgodno\u015b\u0107 z&nbsp;prawem przetwarzania oraz prawo sprzeciwu.<br>Usuni\u0119cie danych osobowych mo\u017ce nast\u0105pi\u0107 wskutek cofni\u0119cia zgody lub wniesienia prawnie dopuszczalnego sprzeciwu na przetwarzanie danych osobowych.<br>Kontakt z&nbsp;osob\u0105 nadzoruj\u0105c\u0105 w&nbsp;Studio intime mo\u017cliwy drog\u0105 elektroniczn\u0105 pod adresem: biuro@intime.pl, lub telefonicznie pod numerami: +48 572 529&nbsp;069.<br>Osob\u0105 nadzoruj\u0105c\u0105 przetwarzanie danych osobowych jest Kamil Krawczyk- manager administracyjny<br>U\u017cytkownik ma prawo do wniesienia skargi do organu nadzorczego.<br>Mamy prawo udost\u0119pnia\u0107 dane osobowe U\u017cytkownik\u00f3w podmiotom upowa\u017cnionym na podstawie w\u0142a\u015bciwych przepis\u00f3w prawa (np. organom \u015bcigania).<br>Informujemy, \u017ce powierzamy przetwarzanie danych osobowych nazwa dostawcy serwera:<br>Kylos.pl, Kylos Sp. z&nbsp;o.o. ul.Wr\u00f3blewskiego 18 93-578 \u0141\u00f3d\u017a NIP PL9471960052<\/p><p><strong>Polityka cookies<\/strong><\/p><p>Nasza strona wykorzystuje Pliki cookies, czyli dane informatyczne, w&nbsp;szczeg\u00f3lno\u015bci pliki tekstowe, przechowywane na Twoim urz\u0105dzeniu podczas korzystania z&nbsp;naszej witryny i&nbsp;przeznaczone do korzystania z&nbsp;witryny. Pliki cookies s\u0105 nieszkodliwe dla komputera, jak i&nbsp;dla Us\u0142ugobiorcy i&nbsp;jego danych.<br>Pliki cookies, kt\u00f3re s\u0105 wykorzystywane na naszej stronie analizuj\u0105 anonimowe informacje na temat u\u017cywania naszej strony. Korzystamy z&nbsp;tych informacji poprzez narz\u0119dzie Google Analytics w&nbsp;celu oceny ruchu w&nbsp;witrynie przez U\u017cytkownik\u00f3w oraz tworzenia raport\u00f3w dotycz\u0105cych ruchu na poszczeg\u00f3lnych podstronach.<br>Ta strona internetowa korzysta z&nbsp;Google Analytics, us\u0142ugi analizy ogl\u0105dalno\u015bci stron internetowych udost\u0119pnianej przez Google Inc. (\u201cGoogle\u201d). Google Analytics wykorzystuje tak zwane \u201cpliki cookies\u201d, pliki tekstowe przechowywane na komputerze U\u017cytkownika, kt\u00f3re umo\u017cliwiaj\u0105 analiz\u0119 korzystania z&nbsp;witryny przez U\u017cytkownika. Informacje generowane przez cookies na temat korzystania z&nbsp;tej strony internetowej s\u0105 zazwyczaj przesy\u0142ane na serwer Google w&nbsp;USA i&nbsp;tam przechowywane. W&nbsp;przypadku aktywacji anonimizacji IP na tej stronie internetowej, adres IP zostanie obci\u0119ty w&nbsp;obr\u0119bie pa\u0144stw cz\u0142onkowskich Unii Europejskiej lub innych b\u0119d\u0105cych stronami Porozumienia o&nbsp;Europejskim Obszarze Gospodarczym. Tylko w&nbsp;wyj\u0105tkowych przypadkach pe\u0142ny adres IP zostanie wys\u0142any na serwer Google w&nbsp;USA i&nbsp;tam skr\u00f3cony.<br>Adres IP dostarczony przez Google Analytics w&nbsp;ramach Google Analytics nie zostanie scalony z&nbsp;innymi danymi Google.<br>Mo\u017cesz zapobiec przechowywaniu plik\u00f3w cookies poprzez odpowiednie ustawienie oprogramowania przegl\u0105darki lub zainstalowanie dodatku blokuj\u0105cego Google Analytics. Nale\u017cy jednak pami\u0119ta\u0107, \u017ce je\u015bli to zrobisz, mo\u017ce nie by\u0107 w&nbsp;stanie w&nbsp;pe\u0142ni wykorzysta\u0107 wszystkich funkcji tej witryny.<br>Warunkiem dzia\u0142ania plik\u00f3w cookies jest Twoja akceptacja w&nbsp;u\u017cywanej przegl\u0105darce internetowej oraz nieusuwanie ich z&nbsp;Urz\u0105dzenia. W&nbsp;wielu przypadkach oprogramowanie s\u0142u\u017c\u0105ce do przegl\u0105dania stron internetowych w&nbsp;spos\u00f3b domy\u015blny dopuszcza przechowywanie na Twoim urz\u0105dzeniu plik\u00f3w cookies. Zalecamy sprawdzenie ustawie\u0144 przegl\u0105darki internetowej przed rozpocz\u0119ciem korzystania z&nbsp;witryny.<br>Dzi\u0119ki ustawieniom mechanizm\u00f3w kontroli przegl\u0105darek mo\u017cesz zdecydowa\u0107 jakie dane maj\u0105 by\u0107 zbierane przez Studio inTime, cofn\u0105\u0107 lub zmieni\u0107 w&nbsp;ka\u017cdym momencie zakres wyra\u017conej zgody na wykorzystywanie plik\u00f3w cookies, poprzez zmian\u0119 ustawie\u0144 w&nbsp;przegl\u0105darce za po\u015brednictwem kt\u00f3rej przegl\u0105dasz nasz\u0105 stron\u0119, a&nbsp;tak\u017ce zdecydowa\u0107 o&nbsp;ich usuni\u0119ciu.<br>Szczeg\u00f3\u0142owe informacje o&nbsp;mo\u017cliwo\u015bci i&nbsp;sposobach obs\u0142ugi Plik\u00f3w cookies dost\u0119pne s\u0105 w&nbsp;ustawieniach ka\u017cdej przegl\u0105darki internetowej.<\/p><p>Informacje o&nbsp;Plikach cookies dla najpopularniejszych przegl\u0105darek internetowych mo\u017cna znale\u017a\u0107 pod nast\u0119puj\u0105cymi adresami:<\/p><ul><li>dla Firefox:&nbsp;<a href=\"http:\/\/support.mozilla.org\/pl\/kb\/ciasteczka\">http:\/\/support.mozilla.org\/pl\/kb\/ciasteczka<\/a>;<\/li><li>dla Google Chrome:&nbsp;<a href=\"http:\/\/support.google.com\/chrome\/bin\/answer.py?hl=pl&amp;answer=95647\">http:\/\/support.google.com\/chrome\/bin\/answer.py?hl=pl&amp;answer=95647<\/a>;<\/li><li>dla Windows Internet Explorer (wersja 7, 8, 10):&nbsp;<a href=\"https:\/\/support.microsoft.com\/pl-pl\/help\/17442\/windows-internet-explorer-delete-manage-cookies\">https:\/\/support.microsoft.com\/pl-pl\/help\/17442\/windows-internet-explorer-delete-manage-cookies<\/a>;<\/li><li>dla Opera:&nbsp;<a href=\"http:\/\/www.opera.com\/help\/tutorials\/security\/privacy\/\">http:\/\/www.opera.com\/help\/tutorials\/security\/privacy\/<\/a>;<\/li><li>dla Safari:&nbsp;<a href=\"https:\/\/support.apple.com\/pl-pl\/HT201265\">https:\/\/support.apple.com\/pl-pl\/HT201265<\/a>.<\/li><\/ul><p>Je\u015bli nie chcesz by Twoje dane by\u0142y raportowane przez skrypt JavaScript Google Analytics z&nbsp;kt\u00f3rego korzysta nasza strona, mo\u017cesz zainstalowa\u0107 dodatek blokuj\u0105cy Google Analytics. Dodatek ten komunikuje si\u0119 ze skryptem JavaScript Gogle Analytics (ga.js, analytisc.js i&nbsp;dc.js) i&nbsp;blokuje wysy\u0142anie informacji do Google Analytics.<\/p><p><strong>Logi serwera<\/strong><\/p><p>Zbieramy dane zawarte w&nbsp;logach systemowych (jest to informacja, jak\u0105 przekazuje serwerowi Tw\u00f3j komputer przy ka\u017cdym po\u0142\u0105czeniu z&nbsp;witryn\u0105, mo\u017ce zawiera\u0107 r\u00f3\u017cne dane, np. adres IP, z&nbsp;kt\u00f3rego mo\u017cna m.in. ustali\u0107 sk\u0105d nast\u0105pi\u0142o po\u0142\u0105czenie, dat\u0119 i&nbsp;czas serwera, informacje o&nbsp;u\u017cywanej do przegl\u0105dania strony przegl\u0105darce internetowej i&nbsp;systemie operacyjnym z&nbsp;jakiego korzystasz). Informacje te s\u0105 wykorzystywane przez nas w&nbsp;celach technicznych, zwi\u0105zanych z&nbsp;administracj\u0105 serwerem, optymalizacj\u0105 i&nbsp;modyfikacj\u0105 strony, w&nbsp;celu lepszego jego dostosowania do potrzeb U\u017cytkownik\u00f3w.<br>Adresy IP s\u0105 wykorzystywane przez nas do zbierania og\u00f3lnych, statystycznych informacji (np. o&nbsp;miejscu, z&nbsp;kt\u00f3rego nast\u0119puje po\u0142\u0105czenie). Ponadto, dane na temat U\u017cytkownik\u00f3w witryny oraz ich preferencji mog\u0105 by\u0107 ujmowane i&nbsp;ujawniane w&nbsp;formie statystyk, przy czym statystyki takie pozostaj\u0105 anonimowe i&nbsp;nie zawieraj\u0105 one danych oraz cech pozwalaj\u0105cych na identyfikacje poszczeg\u00f3lnych U\u017cytkownik\u00f3w.<br>Przegl\u0105danie zasob\u00f3w na naszej stronie jest identyfikowane poprzez adresy URL. Zapisowi mog\u0105 podlega\u0107: czas nadej\u015bcia zapytania, czas wys\u0142ania odpowiedzi, informacje o&nbsp;b\u0142\u0119dach jakie nast\u0105pi\u0142y przy realizacji transakcji HTTP, adres URL strony poprzednio odwiedzanej przez U\u017cytkownika w&nbsp;przypadku, gdy przej\u015bcie do strony nast\u0105pi\u0142o przez odno\u015bnik, informacje o&nbsp;przegl\u0105darce U\u017cytkownika oraz informacje o&nbsp;jego adresie IP.<br>Dane, o&nbsp;kt\u00f3rych mowa w&nbsp;niniejszym punkcie nie s\u0105 \u0142\u0105czone z&nbsp;danymi osobowym U\u017cytkownik\u00f3w przegl\u0105daj\u0105cych nasz\u0105 stron\u0119.<\/p><p><strong>Zmiana postanowie\u0144<\/strong><\/p><p>W razie konieczno\u015bci mo\u017cemy zmieni\u0107 postanowienia niniejszej polityki prywatno\u015bci. W&nbsp;takim przypadku U\u017cytkownik podczas pierwszego wej\u015bcia na stron\u0119 po zmianie Polityki Prywatno\u015bci zostanie powiadomiony o&nbsp;takich zmianach i&nbsp;mo\u017cliwo\u015bci ich akceptacji. Za akceptacj\u0119 zmian uwa\u017ca si\u0119 dalsze korzystanie z&nbsp;witryny.<\/p>\t\t\t\t\t\t\t\t<\/div>\n\t\t\t\t<\/div>\n\t\t\t\t\t<\/div>\n\t\t<\/div>\n\t\t\t\t\t<\/div>\n\t\t<\/section>\n\t\t\t\t<\/div>\n\t\t","protected":false},"excerpt":{"rendered":"<p>Polityka prywatno\u015bci Informacje dotycz\u0105ce ochrony danych osobowych W&nbsp;Studio InTime, bierzemy pod uwag\u0119 zaufanie, jakim obdarzaj\u0105 nas osoby, kt\u00f3rych dane zbieramy. Zdajemy sobie spraw\u0119 z&nbsp;tego, \u017ce mamy obowi\u0105zek je chroni\u0107, chroni\u0105c prywatno\u015b\u0107 os\u00f3b, kt\u00f3re dane te nam przekazuj\u0105. Dlatego te\u017c dok\u0142adamy wszelkich stara\u0144 by dba\u0107 o&nbsp;bezpiecze\u0144stwo danych osobowych U\u017cytkownik\u00f3w naszej strony internetowej.Niniejszy dokument, Polityka prywatno\u015bci&nbsp;[\u2026]<\/p>\n","protected":false},"author":2,"featured_media":0,"parent":0,"menu_order":0,"comment_status":"closed","ping_status":"open","template":"","meta":{"wp_typography_post_enhancements_disabled":false,"footnotes":""},"class_list":["post-3","page","type-page","status-publish","hentry"],"yoast_head":"<!-- This site is optimized with the Yoast SEO plugin v27.4 - https:\/\/yoast.com\/product\/yoast-seo-wordpress\/ -->\n<title>Polityka prywatno\u015bci - demo In.Time<\/title>\n<meta name=\"description\" content=\"Zapraszamy do zapoznania si\u0119 z Polityk\u0105 prywatno\u015bci oraz informacjami dotycz\u0105cymi ochrony danych osobowych.\" \/>\n<meta name=\"robots\" content=\"noindex, follow, max-snippet:-1, max-image-preview:large, max-video-preview:-1\" \/>\n<meta property=\"og:locale\" content=\"pl_PL\" \/>\n<meta property=\"og:type\" content=\"article\" \/>\n<meta property=\"og:title\" content=\"Polityka prywatno\u015bci - demo In.Time\" \/>\n<meta property=\"og:description\" content=\"Zapraszamy do zapoznania si\u0119 z Polityk\u0105 prywatno\u015bci oraz informacjami dotycz\u0105cymi ochrony danych osobowych.\" \/>\n<meta property=\"og:url\" content=\"https:\/\/brandberry.info\/intime\/polityka-prywatnosci\/\" \/>\n<meta property=\"og:site_name\" content=\"demo In.Time\" \/>\n<meta property=\"article:modified_time\" content=\"2021-12-16T07:42:29+00:00\" \/>\n<meta property=\"og:image\" content=\"https:\/\/brandberry.info\/intime\/wp-content\/uploads\/sites\/6\/intime_start.jpg\" \/>\n\t<meta property=\"og:image:width\" content=\"800\" \/>\n\t<meta property=\"og:image:height\" content=\"800\" \/>\n\t<meta property=\"og:image:type\" content=\"image\/jpeg\" \/>\n<meta name=\"twitter:card\" content=\"summary_large_image\" \/>\n<meta name=\"twitter:label1\" content=\"Szacowany czas czytania\" \/>\n\t<meta name=\"twitter:data1\" content=\"9 minut\" \/>\n<script type=\"application\/ld+json\" class=\"yoast-schema-graph\">{\"@context\":\"https:\\\/\\\/schema.org\",\"@graph\":[{\"@type\":\"WebPage\",\"@id\":\"https:\\\/\\\/brandberry.info\\\/intime\\\/polityka-prywatnosci\\\/\",\"url\":\"https:\\\/\\\/brandberry.info\\\/intime\\\/polityka-prywatnosci\\\/\",\"name\":\"Polityka prywatno\u015bci - demo In.Time\",\"isPartOf\":{\"@id\":\"https:\\\/\\\/brandberry.info\\\/intime\\\/#website\"},\"datePublished\":\"2018-05-25T07:27:47+00:00\",\"dateModified\":\"2021-12-16T07:42:29+00:00\",\"description\":\"Zapraszamy do zapoznania si\u0119 z Polityk\u0105 prywatno\u015bci oraz informacjami dotycz\u0105cymi ochrony danych osobowych.\",\"breadcrumb\":{\"@id\":\"https:\\\/\\\/brandberry.info\\\/intime\\\/polityka-prywatnosci\\\/#breadcrumb\"},\"inLanguage\":\"pl-PL\",\"potentialAction\":[{\"@type\":\"ReadAction\",\"target\":[\"https:\\\/\\\/brandberry.info\\\/intime\\\/polityka-prywatnosci\\\/\"]}]},{\"@type\":\"BreadcrumbList\",\"@id\":\"https:\\\/\\\/brandberry.info\\\/intime\\\/polityka-prywatnosci\\\/#breadcrumb\",\"itemListElement\":[{\"@type\":\"ListItem\",\"position\":1,\"name\":\"Strona g\u0142\u00f3wna\",\"item\":\"https:\\\/\\\/brandberry.info\\\/intime\\\/\"},{\"@type\":\"ListItem\",\"position\":2,\"name\":\"Polityka prywatno\u015bci\"}]},{\"@type\":\"WebSite\",\"@id\":\"https:\\\/\\\/brandberry.info\\\/intime\\\/#website\",\"url\":\"https:\\\/\\\/brandberry.info\\\/intime\\\/\",\"name\":\"demo In.Time\",\"description\":\"innowacyjny i skuteczny trening EMS\",\"publisher\":{\"@id\":\"https:\\\/\\\/brandberry.info\\\/intime\\\/#organization\"},\"potentialAction\":[{\"@type\":\"SearchAction\",\"target\":{\"@type\":\"EntryPoint\",\"urlTemplate\":\"https:\\\/\\\/brandberry.info\\\/intime\\\/?s={search_term_string}\"},\"query-input\":{\"@type\":\"PropertyValueSpecification\",\"valueRequired\":true,\"valueName\":\"search_term_string\"}}],\"inLanguage\":\"pl-PL\"},{\"@type\":\"Organization\",\"@id\":\"https:\\\/\\\/brandberry.info\\\/intime\\\/#organization\",\"name\":\"demo In.Time\",\"url\":\"https:\\\/\\\/brandberry.info\\\/intime\\\/\",\"logo\":{\"@type\":\"ImageObject\",\"inLanguage\":\"pl-PL\",\"@id\":\"https:\\\/\\\/brandberry.info\\\/intime\\\/#\\\/schema\\\/logo\\\/image\\\/\",\"url\":\"https:\\\/\\\/brandberry.info\\\/intime\\\/wp-content\\\/uploads\\\/sites\\\/6\\\/cropped-intime_logo.png\",\"contentUrl\":\"https:\\\/\\\/brandberry.info\\\/intime\\\/wp-content\\\/uploads\\\/sites\\\/6\\\/cropped-intime_logo.png\",\"width\":600,\"height\":82,\"caption\":\"demo In.Time\"},\"image\":{\"@id\":\"https:\\\/\\\/brandberry.info\\\/intime\\\/#\\\/schema\\\/logo\\\/image\\\/\"}}]}<\/script>\n<!-- \/ Yoast SEO plugin. -->","yoast_head_json":{"title":"Polityka prywatno\u015bci - demo In.Time","description":"Zapraszamy do zapoznania si\u0119 z Polityk\u0105 prywatno\u015bci oraz informacjami dotycz\u0105cymi ochrony danych osobowych.","robots":{"index":"noindex","follow":"follow","max-snippet":"max-snippet:-1","max-image-preview":"max-image-preview:large","max-video-preview":"max-video-preview:-1"},"og_locale":"pl_PL","og_type":"article","og_title":"Polityka prywatno\u015bci - demo In.Time","og_description":"Zapraszamy do zapoznania si\u0119 z Polityk\u0105 prywatno\u015bci oraz informacjami dotycz\u0105cymi ochrony danych osobowych.","og_url":"https:\/\/brandberry.info\/intime\/polityka-prywatnosci\/","og_site_name":"demo In.Time","article_modified_time":"2021-12-16T07:42:29+00:00","og_image":[{"width":800,"height":800,"url":"https:\/\/brandberry.info\/intime\/wp-content\/uploads\/sites\/6\/intime_start.jpg","type":"image\/jpeg"}],"twitter_card":"summary_large_image","twitter_misc":{"Szacowany czas czytania":"9 minut"},"schema":{"@context":"https:\/\/schema.org","@graph":[{"@type":"WebPage","@id":"https:\/\/brandberry.info\/intime\/polityka-prywatnosci\/","url":"https:\/\/brandberry.info\/intime\/polityka-prywatnosci\/","name":"Polityka prywatno\u015bci - demo In.Time","isPartOf":{"@id":"https:\/\/brandberry.info\/intime\/#website"},"datePublished":"2018-05-25T07:27:47+00:00","dateModified":"2021-12-16T07:42:29+00:00","description":"Zapraszamy do zapoznania si\u0119 z Polityk\u0105 prywatno\u015bci oraz informacjami dotycz\u0105cymi ochrony danych osobowych.","breadcrumb":{"@id":"https:\/\/brandberry.info\/intime\/polityka-prywatnosci\/#breadcrumb"},"inLanguage":"pl-PL","potentialAction":[{"@type":"ReadAction","target":["https:\/\/brandberry.info\/intime\/polityka-prywatnosci\/"]}]},{"@type":"BreadcrumbList","@id":"https:\/\/brandberry.info\/intime\/polityka-prywatnosci\/#breadcrumb","itemListElement":[{"@type":"ListItem","position":1,"name":"Strona g\u0142\u00f3wna","item":"https:\/\/brandberry.info\/intime\/"},{"@type":"ListItem","position":2,"name":"Polityka prywatno\u015bci"}]},{"@type":"WebSite","@id":"https:\/\/brandberry.info\/intime\/#website","url":"https:\/\/brandberry.info\/intime\/","name":"demo In.Time","description":"innowacyjny i skuteczny trening EMS","publisher":{"@id":"https:\/\/brandberry.info\/intime\/#organization"},"potentialAction":[{"@type":"SearchAction","target":{"@type":"EntryPoint","urlTemplate":"https:\/\/brandberry.info\/intime\/?s={search_term_string}"},"query-input":{"@type":"PropertyValueSpecification","valueRequired":true,"valueName":"search_term_string"}}],"inLanguage":"pl-PL"},{"@type":"Organization","@id":"https:\/\/brandberry.info\/intime\/#organization","name":"demo In.Time","url":"https:\/\/brandberry.info\/intime\/","logo":{"@type":"ImageObject","inLanguage":"pl-PL","@id":"https:\/\/brandberry.info\/intime\/#\/schema\/logo\/image\/","url":"https:\/\/brandberry.info\/intime\/wp-content\/uploads\/sites\/6\/cropped-intime_logo.png","contentUrl":"https:\/\/brandberry.info\/intime\/wp-content\/uploads\/sites\/6\/cropped-intime_logo.png","width":600,"height":82,"caption":"demo In.Time"},"image":{"@id":"https:\/\/brandberry.info\/intime\/#\/schema\/logo\/image\/"}}]}},"_links":{"self":[{"href":"https:\/\/brandberry.info\/intime\/wp-json\/wp\/v2\/pages\/3","targetHints":{"allow":["GET"]}}],"collection":[{"href":"https:\/\/brandberry.info\/intime\/wp-json\/wp\/v2\/pages"}],"about":[{"href":"https:\/\/brandberry.info\/intime\/wp-json\/wp\/v2\/types\/page"}],"author":[{"embeddable":true,"href":"https:\/\/brandberry.info\/intime\/wp-json\/wp\/v2\/users\/2"}],"replies":[{"embeddable":true,"href":"https:\/\/brandberry.info\/intime\/wp-json\/wp\/v2\/comments?post=3"}],"version-history":[{"count":0,"href":"https:\/\/brandberry.info\/intime\/wp-json\/wp\/v2\/pages\/3\/revisions"}],"wp:attachment":[{"href":"https:\/\/brandberry.info\/intime\/wp-json\/wp\/v2\/media?parent=3"}],"curies":[{"name":"wp","href":"https:\/\/api.w.org\/{rel}","templated":true}]}}